{"id":88,"date":"2025-03-05T19:34:33","date_gmt":"2025-03-05T19:34:33","guid":{"rendered":"https:\/\/theworkark.com\/?page_id=88"},"modified":"2026-01-14T18:05:22","modified_gmt":"2026-01-14T18:05:22","slug":"about","status":"publish","type":"page","link":"https:\/\/theworkark.com\/tr\/about\/","title":{"rendered":"Hakk\u0131nda"},"content":{"rendered":"<p>Teknoloji, \u0130novasyon ve Dijital B\u00fcy\u00fcme Merkeziniz The Work Ark&#039;a Ho\u015f Geldiniz<\/p>\n\n\n\n<p>G\u00fcn\u00fcm\u00fcz\u00fcn h\u0131zla de\u011fi\u015fen dijital d\u00fcnyas\u0131nda, g\u00fcncel kalmak yaln\u0131zca bir avantaj de\u011fil, ayn\u0131 zamanda bir zorunluluktur. Work Ark, mobil uygulamalar, yaz\u0131l\u0131m geli\u015ftirme, yapay zeka ve sekt\u00f6r trendlerindeki en son geli\u015fmelere g\u00f6z atmak i\u00e7in g\u00fcvenilir platformunuzdur. Misyonumuz basit: S\u00fcrekli geli\u015fen teknoloji d\u00fcnyas\u0131nda bir ad\u0131m \u00f6nde olman\u0131za yard\u0131mc\u0131 olacak, i\u00e7g\u00f6r\u00fc dolu ve uygulanabilir i\u00e7erikler sunmak.<\/p>\n\n\n\n<p><strong>Burada Neler Bulacaks\u0131n\u0131z<\/strong><\/p>\n\n\n\n<p>The Work Ark&#039;ta, inovasyonun ilerlemeyi y\u00f6nlendirdi\u011fine inan\u0131yoruz. Bu nedenle, i\u00e7eriklerimiz sizi bilgilendirip g\u00fc\u00e7lendirecek temel alanlara odaklan\u0131yor:<\/p>\n\n\n\n<p><strong>Uygulama Geli\u015ftirme ve Yaz\u0131l\u0131m Trendleri<\/strong><\/p>\n\n\n\n<ul>\n<li><strong>Uygulama Olu\u015fturmada Ustala\u015fma<\/strong>&nbsp;\u2013 Son teknoloji mobil uygulamalar olu\u015fturmak i\u00e7in ipu\u00e7lar\u0131 ve stratejiler.<\/li>\n\n\n\n<li><strong>Yaz\u0131l\u0131m\u0131n Gelece\u011fi<\/strong>&nbsp;\u2013 Yapay zeka, otomasyon ve di\u011fer teknolojiler geli\u015ftirme alan\u0131n\u0131 d\u00f6n\u00fc\u015ft\u00fcr\u00fcyor.<\/li>\n\n\n\n<li><strong>Kullan\u0131c\u0131 Deneyimi ve Tasar\u0131m<\/strong>&nbsp;\u2013 Etkile\u015fimi ve kullan\u0131labilirli\u011fi art\u0131ran en son UI\/UX.<\/li>\n<\/ul>\n\n\n\n<p><strong>Teknoloji ve \u0130novasyon<\/strong><\/p>\n\n\n\n<ul>\n<li><strong>\u00c7\u0131\u011f\u0131r A\u00e7an Teknolojiler<\/strong>&nbsp;\u2013 Yapay zeka, blok zinciri ve bulut bili\u015fimin end\u00fcstrileri nas\u0131l yeniden \u015fekillendirdi\u011fi.<\/li>\n\n\n\n<li><strong>Giri\u015fim ve Giri\u015fimcilik \u0130\u00e7g\u00f6r\u00fcleri<\/strong>&nbsp;\u2013 Teknoloji odakl\u0131 i\u015fletmelerin kurulmas\u0131 i\u00e7in temel trendler ve uzman tavsiyeleri.<\/li>\n\n\n\n<li><strong>S\u00fcrd\u00fcr\u00fclebilir Teknoloji<\/strong>&nbsp;\u2013 Daha ak\u0131ll\u0131, daha ye\u015fil bir gelecek \u015fekillendiren \u00e7evre dostu yenilikleri ke\u015ffetmek.<\/li>\n<\/ul>\n\n\n\n<p><strong>Mobil ve Dijital D\u00f6n\u00fc\u015f\u00fcm<\/strong><\/p>\n\n\n\n<ul>\n<li><strong>Uygulama Devrimi<\/strong>&nbsp;\u2013 Ya\u015fam ve \u00e7al\u0131\u015fma bi\u00e7imimizi de\u011fi\u015ftiren mobil uygulamalara bir bak\u0131\u015f.<\/li>\n\n\n\n<li><strong>5G ve Ba\u011flant\u0131n\u0131n Gelece\u011fi<\/strong>&nbsp;\u2013 Yeni nesil a\u011flar nas\u0131l yeni olas\u0131l\u0131klar\u0131n kilidini a\u00e7\u0131yor?<\/li>\n\n\n\n<li><strong>Gizlilik ve Siber G\u00fcvenlik<\/strong>&nbsp;\u2013 Giderek dijitalle\u015fen bir d\u00fcnyada verilerinizi korumak i\u00e7in temel ipu\u00e7lar\u0131.<\/li>\n<\/ul>\n\n\n\n<p><strong>Teknoloji Odakl\u0131 Ya\u015fam Tarzlar\u0131<\/strong><\/p>\n\n\n\n<ul>\n<li><strong>\u00c7al\u0131\u015fma ve \u00dcretkenlik Uygulamalar\u0131<\/strong>&nbsp;\u2013 \u0130\u015f ve g\u00fcnl\u00fck ya\u015famda verimlili\u011fi art\u0131racak ara\u00e7lar\u0131 ke\u015ffedin.<\/li>\n\n\n\n<li><strong>Uzaktan \u00c7al\u0131\u015fma \u00c7a\u011f\u0131<\/strong>&nbsp;\u2013 Esnek \u00e7al\u0131\u015fma ortam\u0131nda ba\u015far\u0131l\u0131 olmak i\u00e7in uygulamalar ve stratejiler.<\/li>\n\n\n\n<li><strong>Ak\u0131ll\u0131 Ya\u015fam ve Nesnelerin \u0130nterneti<\/strong>&nbsp;\u2013 Ba\u011flant\u0131l\u0131 cihazlar\u0131n gelece\u011fi ve g\u00fcnl\u00fck ya\u015fama etkileri.<\/li>\n<\/ul>\n\n\n\n<p><strong>Kariyer ve \u0130\u015fin Gelece\u011fi<\/strong><\/p>\n\n\n\n<p><strong>Teknoloji Kariyer Yollar\u0131<\/strong> \u2013 Yaz\u0131l\u0131m geli\u015ftiricisi, veri analisti, \u00fcr\u00fcn y\u00f6neticisi, UX tasar\u0131mc\u0131s\u0131 gibi rollerin genel bak\u0131\u015flar\u0131.<\/p>\n\n\n\n<p><strong>Beceri Geli\u015ftirme K\u0131lavuzlar\u0131<\/strong> \u2013 Ne \u00e7al\u0131\u015faca\u011f\u0131n\u0131za, hangi ara\u00e7lar\u0131 \u00f6\u011frenece\u011finize ve \u00f6\u011frenme yolculu\u011funuzu nas\u0131l yap\u0131land\u0131raca\u011f\u0131n\u0131za dair \u00f6neriler.<\/p>\n\n\n\n<p><strong>\u0130\u015f Piyasas\u0131 ve Trendler<\/strong> \u2013 Talep g\u00f6ren beceriler, uzaktan \u00e7al\u0131\u015fma f\u0131rsatlar\u0131 ve teknolojinin farkl\u0131 sekt\u00f6rlerdeki kariyerleri nas\u0131l d\u00f6n\u00fc\u015ft\u00fcrd\u00fc\u011f\u00fcne dair i\u00e7g\u00f6r\u00fcler.<\/p>\n\n\n\n<p><strong>Teknolojiye Kariyer Ge\u00e7i\u015fleri<\/strong> \u2013 Dijital ekosistemde s\u00fcrd\u00fcr\u00fclebilir bir kariyer in\u015fa etmek isteyen ve di\u011fer alanlardan gelenler i\u00e7in pratik ipu\u00e7lar\u0131.<\/p>\n\n\n\n<p><strong>Neden Explora Venue?<\/strong><\/p>\n\n\n\n<p>Bizi farkl\u0131 k\u0131lan \u015fey, y\u00fczeysel haberlerin \u00f6tesine ge\u00e7en, derinlemesine ve iyi ara\u015ft\u0131r\u0131lm\u0131\u015f i\u00e7erikler sunma taahh\u00fcd\u00fcm\u00fczd\u00fcr. Work Ark, s\u0131radan bir yay\u0131ndan \u00e7ok daha fazlas\u0131d\u0131r; geli\u015ftiriciler, teknoloji merakl\u0131lar\u0131 ve sekt\u00f6r profesyonelleri i\u00e7in bir bilgi merkezidir.<\/p>\n\n\n\n<p><strong>Biz Neyi Savunuyoruz:<\/strong><\/p>\n\n\n\n<ul>\n<li><strong>G\u00fcvenilir, G\u00fcncel Bilgiler<\/strong>&nbsp;\u2013 \u0130\u00e7eri\u011fimiz g\u00fcvenilir kaynaklar ve sekt\u00f6r i\u00e7g\u00f6r\u00fcleriyle desteklenmektedir.<\/li>\n\n\n\n<li><strong>\u0130lgi \u00c7ekici ve Pratik \u0130\u00e7erik<\/strong>&nbsp;\u2013 Karma\u015f\u0131k konular, eyleme d\u00f6n\u00fc\u015ft\u00fcr\u00fclebilir, anla\u015f\u0131lmas\u0131 kolay bilgilere d\u00f6n\u00fc\u015ft\u00fcr\u00fcl\u00fcr.<\/li>\n\n\n\n<li><strong>B\u00fcy\u00fcme \u0130\u00e7in Bir Platform<\/strong>&nbsp;\u2013 \u0130ster hevesli bir geli\u015ftirici, ister giri\u015fimci, isterse teknoloji merakl\u0131s\u0131 olun, ilerlemenize yard\u0131mc\u0131 olacak ara\u00e7lar\u0131 ve bilgileri sa\u011fl\u0131yoruz.<\/li>\n<\/ul>\n\n\n\n<p><strong>Hadi Ba\u015flayal\u0131m!<\/strong><\/p>\n\n\n\n<p>Teknoloji d\u00fcnyas\u0131nda \u00f6ne \u00e7\u0131kmak istiyorsan\u0131z, The Work Ark rehberiniz. En son makalelerimizi inceleyin, ortaya \u00e7\u0131kan trendleri ke\u015ffedin ve bilgiye ve inovasyona de\u011fer veren bir toplulu\u011fun par\u00e7as\u0131 olun.<\/p>\n\n\n\n<p>Dalmaya haz\u0131r m\u0131s\u0131n\u0131z? En son i\u00e7eriklerimize g\u00f6z at\u0131n, Gizlilik Politikam\u0131z\u0131 inceleyin veya bug\u00fcn bizimle ileti\u015fime ge\u00e7in!<\/p>","protected":false},"excerpt":{"rendered":"<p>Teknoloji, \u0130novasyon ve Dijital B\u00fcy\u00fcme Merkeziniz The Work Ark&#039;a Ho\u015f Geldiniz G\u00fcn\u00fcm\u00fcz\u00fcn h\u0131zla de\u011fi\u015fen dijital d\u00fcnyas\u0131nda, g\u00fcncel kalmak yaln\u0131zca bir avantaj de\u011fil, ayn\u0131 zamanda bir zorunluluktur. The Work Ark, mobil uygulamalar, yaz\u0131l\u0131m geli\u015ftirme, yapay zeka ve sekt\u00f6r trendlerindeki en son geli\u015fmelere g\u00f6z atmak i\u00e7in g\u00fcvenilir platformunuzdur. Misyonumuz basit: i\u00e7g\u00f6r\u00fc dolu, [\u2026]<\/p>","protected":false},"author":146,"featured_media":0,"parent":0,"menu_order":0,"comment_status":"closed","ping_status":"closed","template":"","meta":{"_uag_custom_page_level_css":"","site-sidebar-layout":"default","site-content-layout":"","ast-site-content-layout":"default","site-content-style":"default","site-sidebar-style":"default","ast-global-header-display":"","ast-banner-title-visibility":"","ast-main-header-display":"","ast-hfb-above-header-display":"","ast-hfb-below-header-display":"","ast-hfb-mobile-header-display":"","site-post-title":"","ast-breadcrumbs-content":"","ast-featured-img":"","footer-sml-layout":"","theme-transparent-header-meta":"","adv-header-id-meta":"","stick-header-meta":"","header-above-stick-meta":"","header-main-stick-meta":"","header-below-stick-meta":"","astra-migrate-meta-layouts":"set","ast-page-background-enabled":"default","ast-page-background-meta":{"desktop":{"background-color":"var(--ast-global-color-4)","background-image":"","background-repeat":"repeat","background-position":"center center","background-size":"auto","background-attachment":"scroll","background-type":"","background-media":"","overlay-type":"","overlay-color":"","overlay-opacity":"","overlay-gradient":""},"tablet":{"background-color":"","background-image":"","background-repeat":"repeat","background-position":"center center","background-size":"auto","background-attachment":"scroll","background-type":"","background-media":"","overlay-type":"","overlay-color":"","overlay-opacity":"","overlay-gradient":""},"mobile":{"background-color":"","background-image":"","background-repeat":"repeat","background-position":"center center","background-size":"auto","background-attachment":"scroll","background-type":"","background-media":"","overlay-type":"","overlay-color":"","overlay-opacity":"","overlay-gradient":""}},"ast-content-background-meta":{"desktop":{"background-color":"var(--ast-global-color-5)","background-image":"","background-repeat":"repeat","background-position":"center center","background-size":"auto","background-attachment":"scroll","background-type":"","background-media":"","overlay-type":"","overlay-color":"","overlay-opacity":"","overlay-gradient":""},"tablet":{"background-color":"var(--ast-global-color-5)","background-image":"","background-repeat":"repeat","background-position":"center center","background-size":"auto","background-attachment":"scroll","background-type":"","background-media":"","overlay-type":"","overlay-color":"","overlay-opacity":"","overlay-gradient":""},"mobile":{"background-color":"var(--ast-global-color-5)","background-image":"","background-repeat":"repeat","background-position":"center center","background-size":"auto","background-attachment":"scroll","background-type":"","background-media":"","overlay-type":"","overlay-color":"","overlay-opacity":"","overlay-gradient":""}},"footnotes":""},"yoast_head":"<!-- This site is optimized with the Yoast SEO plugin v23.3 - https:\/\/yoast.com\/wordpress\/plugins\/seo\/ -->\n<title>About - The Work Ark<\/title>\n<meta name=\"robots\" content=\"index, follow, max-snippet:-1, max-image-preview:large, max-video-preview:-1\" \/>\n<link rel=\"canonical\" href=\"https:\/\/theworkark.com\/tr\/about\/\" \/>\n<meta property=\"og:locale\" content=\"tr_TR\" \/>\n<meta property=\"og:type\" content=\"article\" \/>\n<meta property=\"og:title\" content=\"About - The Work Ark\" \/>\n<meta property=\"og:description\" content=\"Welcome to The Work Ark \u2013 Your Hub for Tech, Innovation, and Digital Growth In today\u2019s fast-moving digital world, staying updated isn\u2019t just an advantage\u2014it\u2019s a necessity. The Work Ark is your trusted platform for navigating the latest in mobile applications, software development, artificial intelligence, and industry trends. Our mission is simple: to deliver insightful, [&hellip;]\" \/>\n<meta property=\"og:url\" content=\"https:\/\/theworkark.com\/tr\/about\/\" \/>\n<meta property=\"og:site_name\" content=\"The Work Ark\" \/>\n<meta property=\"article:modified_time\" content=\"2026-01-14T18:05:22+00:00\" \/>\n<meta name=\"twitter:card\" content=\"summary_large_image\" \/>\n<meta name=\"twitter:label1\" content=\"Est. reading time\" \/>\n\t<meta name=\"twitter:data1\" content=\"3 dakika\" \/>\n<script type=\"application\/ld+json\" class=\"yoast-schema-graph\">{\"@context\":\"https:\/\/schema.org\",\"@graph\":[{\"@type\":\"WebPage\",\"@id\":\"https:\/\/theworkark.com\/about\/\",\"url\":\"https:\/\/theworkark.com\/about\/\",\"name\":\"About - The Work Ark\",\"isPartOf\":{\"@id\":\"https:\/\/theworkark.com\/#website\"},\"datePublished\":\"2025-03-05T19:34:33+00:00\",\"dateModified\":\"2026-01-14T18:05:22+00:00\",\"breadcrumb\":{\"@id\":\"https:\/\/theworkark.com\/about\/#breadcrumb\"},\"inLanguage\":\"tr\",\"potentialAction\":[{\"@type\":\"ReadAction\",\"target\":[\"https:\/\/theworkark.com\/about\/\"]}]},{\"@type\":\"BreadcrumbList\",\"@id\":\"https:\/\/theworkark.com\/about\/#breadcrumb\",\"itemListElement\":[{\"@type\":\"ListItem\",\"position\":1,\"name\":\"Home\",\"item\":\"https:\/\/theworkark.com\/\"},{\"@type\":\"ListItem\",\"position\":2,\"name\":\"About\"}]},{\"@type\":\"WebSite\",\"@id\":\"https:\/\/theworkark.com\/#website\",\"url\":\"https:\/\/theworkark.com\/\",\"name\":\"The Work Ark\",\"description\":\"\",\"publisher\":{\"@id\":\"https:\/\/theworkark.com\/#organization\"},\"potentialAction\":[{\"@type\":\"SearchAction\",\"target\":{\"@type\":\"EntryPoint\",\"urlTemplate\":\"https:\/\/theworkark.com\/?s={search_term_string}\"},\"query-input\":\"required name=search_term_string\"}],\"inLanguage\":\"tr\"},{\"@type\":\"Organization\",\"@id\":\"https:\/\/theworkark.com\/#organization\",\"name\":\"The Work Ark\",\"url\":\"https:\/\/theworkark.com\/\",\"logo\":{\"@type\":\"ImageObject\",\"inLanguage\":\"tr\",\"@id\":\"https:\/\/theworkark.com\/#\/schema\/logo\/image\/\",\"url\":\"https:\/\/theworkark.com\/wp-content\/uploads\/sites\/222\/2026\/01\/cropped-cropped-TWA-logo.png\",\"contentUrl\":\"https:\/\/theworkark.com\/wp-content\/uploads\/sites\/222\/2026\/01\/cropped-cropped-TWA-logo.png\",\"width\":366,\"height\":242,\"caption\":\"The Work Ark\"},\"image\":{\"@id\":\"https:\/\/theworkark.com\/#\/schema\/logo\/image\/\"}}]}<\/script>\n<!-- \/ Yoast SEO plugin. -->","yoast_head_json":{"title":"About - The Work Ark","robots":{"index":"index","follow":"follow","max-snippet":"max-snippet:-1","max-image-preview":"max-image-preview:large","max-video-preview":"max-video-preview:-1"},"canonical":"https:\/\/theworkark.com\/tr\/about\/","og_locale":"tr_TR","og_type":"article","og_title":"About - The Work Ark","og_description":"Welcome to The Work Ark \u2013 Your Hub for Tech, Innovation, and Digital Growth In today\u2019s fast-moving digital world, staying updated isn\u2019t just an advantage\u2014it\u2019s a necessity. The Work Ark is your trusted platform for navigating the latest in mobile applications, software development, artificial intelligence, and industry trends. Our mission is simple: to deliver insightful, [&hellip;]","og_url":"https:\/\/theworkark.com\/tr\/about\/","og_site_name":"The Work Ark","article_modified_time":"2026-01-14T18:05:22+00:00","twitter_card":"summary_large_image","twitter_misc":{"Est. reading time":"3 dakika"},"schema":{"@context":"https:\/\/schema.org","@graph":[{"@type":"WebPage","@id":"https:\/\/theworkark.com\/about\/","url":"https:\/\/theworkark.com\/about\/","name":"About - The Work Ark","isPartOf":{"@id":"https:\/\/theworkark.com\/#website"},"datePublished":"2025-03-05T19:34:33+00:00","dateModified":"2026-01-14T18:05:22+00:00","breadcrumb":{"@id":"https:\/\/theworkark.com\/about\/#breadcrumb"},"inLanguage":"tr","potentialAction":[{"@type":"ReadAction","target":["https:\/\/theworkark.com\/about\/"]}]},{"@type":"BreadcrumbList","@id":"https:\/\/theworkark.com\/about\/#breadcrumb","itemListElement":[{"@type":"ListItem","position":1,"name":"Home","item":"https:\/\/theworkark.com\/"},{"@type":"ListItem","position":2,"name":"About"}]},{"@type":"WebSite","@id":"https:\/\/theworkark.com\/#website","url":"https:\/\/theworkark.com\/","name":"The Work Ark","description":"","publisher":{"@id":"https:\/\/theworkark.com\/#organization"},"potentialAction":[{"@type":"SearchAction","target":{"@type":"EntryPoint","urlTemplate":"https:\/\/theworkark.com\/?s={search_term_string}"},"query-input":"required name=search_term_string"}],"inLanguage":"tr"},{"@type":"Organization","@id":"https:\/\/theworkark.com\/#organization","name":"The Work Ark","url":"https:\/\/theworkark.com\/","logo":{"@type":"ImageObject","inLanguage":"tr","@id":"https:\/\/theworkark.com\/#\/schema\/logo\/image\/","url":"https:\/\/theworkark.com\/wp-content\/uploads\/sites\/222\/2026\/01\/cropped-cropped-TWA-logo.png","contentUrl":"https:\/\/theworkark.com\/wp-content\/uploads\/sites\/222\/2026\/01\/cropped-cropped-TWA-logo.png","width":366,"height":242,"caption":"The Work Ark"},"image":{"@id":"https:\/\/theworkark.com\/#\/schema\/logo\/image\/"}}]}},"uagb_featured_image_src":{"full":false,"thumbnail":false,"medium":false,"medium_large":false,"large":false,"1536x1536":false,"2048x2048":false,"trp-custom-language-flag":false},"uagb_author_info":{"display_name":"nataliantividade","author_link":"https:\/\/theworkark.com\/tr\/author\/nataliantividade\/"},"uagb_comment_info":0,"uagb_excerpt":"Welcome to The Work Ark \u2013 Your Hub for Tech, Innovation, and Digital Growth In today\u2019s fast-moving digital world, staying updated isn\u2019t just an advantage\u2014it\u2019s a necessity. The Work Ark is your trusted platform for navigating the latest in mobile applications, software development, artificial intelligence, and industry trends. Our mission is simple: to deliver insightful,&hellip;","_links":{"self":[{"href":"https:\/\/theworkark.com\/tr\/wp-json\/wp\/v2\/pages\/88"}],"collection":[{"href":"https:\/\/theworkark.com\/tr\/wp-json\/wp\/v2\/pages"}],"about":[{"href":"https:\/\/theworkark.com\/tr\/wp-json\/wp\/v2\/types\/page"}],"author":[{"embeddable":true,"href":"https:\/\/theworkark.com\/tr\/wp-json\/wp\/v2\/users\/146"}],"replies":[{"embeddable":true,"href":"https:\/\/theworkark.com\/tr\/wp-json\/wp\/v2\/comments?post=88"}],"version-history":[{"count":4,"href":"https:\/\/theworkark.com\/tr\/wp-json\/wp\/v2\/pages\/88\/revisions"}],"predecessor-version":[{"id":2028,"href":"https:\/\/theworkark.com\/tr\/wp-json\/wp\/v2\/pages\/88\/revisions\/2028"}],"wp:attachment":[{"href":"https:\/\/theworkark.com\/tr\/wp-json\/wp\/v2\/media?parent=88"}],"curies":[{"name":"wp","href":"https:\/\/api.w.org\/{rel}","templated":true}]}}