{"id":88,"date":"2025-03-05T19:34:33","date_gmt":"2025-03-05T19:34:33","guid":{"rendered":"https:\/\/theworkark.com\/?page_id=88"},"modified":"2026-01-14T18:05:22","modified_gmt":"2026-01-14T18:05:22","slug":"about","status":"publish","type":"page","link":"https:\/\/theworkark.com\/fr\/about\/","title":{"rendered":"\u00c0 propos"},"content":{"rendered":"<p>Bienvenue \u00e0 The Work Ark \u2013 Votre plateforme pour la technologie, l&#039;innovation et la croissance num\u00e9rique<\/p>\n\n\n\n<p>Dans le monde num\u00e9rique actuel, en constante \u00e9volution, se tenir inform\u00e9 n&#039;est pas seulement un atout, c&#039;est une n\u00e9cessit\u00e9. Work Ark est votre plateforme de confiance pour suivre l&#039;actualit\u00e9 des applications mobiles, du d\u00e9veloppement logiciel, de l&#039;intelligence artificielle et des tendances du secteur. Notre mission est simple\u00a0: vous fournir un contenu pertinent et exploitable pour vous aider \u00e0 garder une longueur d&#039;avance dans un monde technologique en perp\u00e9tuelle mutation.<\/p>\n\n\n\n<p><strong>Ce que vous trouverez ici<\/strong><\/p>\n\n\n\n<p>Chez The Work Ark, nous sommes convaincus que l&#039;innovation est le moteur du progr\u00e8s. C&#039;est pourquoi notre contenu est structur\u00e9 autour de domaines cl\u00e9s afin de vous informer et de vous donner les moyens d&#039;agir\u00a0:<\/p>\n\n\n\n<p><strong>Tendances en mati\u00e8re de d\u00e9veloppement d&#039;applications et de logiciels<\/strong><\/p>\n\n\n\n<ul>\n<li><strong>Ma\u00eetriser la cr\u00e9ation d&#039;applications<\/strong>&nbsp;\u2013 Conseils et strat\u00e9gies pour la cr\u00e9ation d&#039;applications mobiles de pointe.<\/li>\n\n\n\n<li><strong>L&#039;avenir du logiciel<\/strong>&nbsp;\u2013 L\u2019IA, l\u2019automatisation et d\u2019autres technologies transforment le paysage du d\u00e9veloppement.<\/li>\n\n\n\n<li><strong>Exp\u00e9rience utilisateur et conception<\/strong>&nbsp;\u2013 Les derni\u00e8res innovations en mati\u00e8re d&#039;interface utilisateur et d&#039;exp\u00e9rience utilisateur qui am\u00e9liorent l&#039;engagement et la facilit\u00e9 d&#039;utilisation.<\/li>\n<\/ul>\n\n\n\n<p><strong>Technologie et innovation<\/strong><\/p>\n\n\n\n<ul>\n<li><strong>Technologies de pointe<\/strong>&nbsp;\u2013 Comment l\u2019IA, la blockchain et le cloud computing remod\u00e8lent les industries.<\/li>\n\n\n\n<li><strong>Perspectives sur les startups et l&#039;entrepreneuriat<\/strong>&nbsp;\u2013 Tendances cl\u00e9s et conseils d&#039;experts pour le lancement d&#039;entreprises ax\u00e9es sur la technologie.<\/li>\n\n\n\n<li><strong>Technologies durables<\/strong>&nbsp;\u2013 Explorer les innovations \u00e9cologiques qui fa\u00e7onnent un avenir plus intelligent et plus vert.<\/li>\n<\/ul>\n\n\n\n<p><strong>Transformation mobile et num\u00e9rique<\/strong><\/p>\n\n\n\n<ul>\n<li><strong>La r\u00e9volution des applications<\/strong>&nbsp;\u2013 Un aper\u00e7u des applications mobiles qui transforment notre fa\u00e7on de vivre et de travailler.<\/li>\n\n\n\n<li><strong>La 5G et l&#039;avenir de la connectivit\u00e9<\/strong>&nbsp;\u2013 Comment les r\u00e9seaux de nouvelle g\u00e9n\u00e9ration ouvrent de nouvelles perspectives.<\/li>\n\n\n\n<li><strong>Confidentialit\u00e9 et cybers\u00e9curit\u00e9<\/strong>&nbsp;\u2013 Conseils essentiels pour prot\u00e9ger vos donn\u00e9es dans un monde de plus en plus num\u00e9rique.<\/li>\n<\/ul>\n\n\n\n<p><strong>Modes de vie ax\u00e9s sur la technologie<\/strong><\/p>\n\n\n\n<ul>\n<li><strong>Applications de travail et de productivit\u00e9<\/strong>&nbsp;\u2013 D\u00e9couvrez des outils pour am\u00e9liorer votre efficacit\u00e9 au travail et dans votre vie quotidienne.<\/li>\n\n\n\n<li><strong>L&#039;\u00e8re du t\u00e9l\u00e9travail<\/strong>&nbsp;\u2013 Applications et strat\u00e9gies pour r\u00e9ussir dans un environnement de travail flexible.<\/li>\n\n\n\n<li><strong>Maison intelligente et IoT<\/strong>&nbsp;\u2013 L\u2019avenir des objets connect\u00e9s et leur impact sur la vie quotidienne.<\/li>\n<\/ul>\n\n\n\n<p><strong>Carri\u00e8res et avenir du travail<\/strong><\/p>\n\n\n\n<p><strong>Parcours professionnels dans le secteur technologique<\/strong> \u2013 Pr\u00e9sentation de r\u00f4les tels que d\u00e9veloppeur logiciel, analyste de donn\u00e9es, chef de produit, concepteur UX, et plus encore.<\/p>\n\n\n\n<p><strong>Guides de d\u00e9veloppement des comp\u00e9tences<\/strong> \u2013 Des recommandations sur les sujets \u00e0 \u00e9tudier, les outils \u00e0 ma\u00eetriser et la mani\u00e8re de structurer son parcours d&#039;apprentissage.<\/p>\n\n\n\n<p><strong>March\u00e9 du travail et tendances<\/strong> \u2013 Aper\u00e7u des comp\u00e9tences recherch\u00e9es, des opportunit\u00e9s de travail \u00e0 distance et de la mani\u00e8re dont la technologie transforme les carri\u00e8res dans tous les secteurs.<\/p>\n\n\n\n<p><strong>Transitions de carri\u00e8re vers le secteur technologique<\/strong> \u2013 Conseils pratiques pour ceux qui viennent d&#039;autres domaines et qui souhaitent construire une carri\u00e8re durable dans l&#039;\u00e9cosyst\u00e8me num\u00e9rique.<\/p>\n\n\n\n<p><strong>Pourquoi choisir Explora Venue ?<\/strong><\/p>\n\n\n\n<p>Ce qui nous distingue, c&#039;est notre engagement \u00e0 fournir un contenu approfondi et document\u00e9 qui va bien au-del\u00e0 des actualit\u00e9s superficielles. The Work Ark est plus qu&#039;une simple publication\u00a0: c&#039;est une v\u00e9ritable plateforme de ressources pour les d\u00e9veloppeurs, les passionn\u00e9s de technologie et les professionnels du secteur.<\/p>\n\n\n\n<p><strong>Nos valeurs :<\/strong><\/p>\n\n\n\n<ul>\n<li><strong>Informations fiables et \u00e0 jour<\/strong>&nbsp;\u2013 Notre contenu s&#039;appuie sur des sources cr\u00e9dibles et des analyses sectorielles.<\/li>\n\n\n\n<li><strong>Contenu captivant et pratique<\/strong>&nbsp;\u2013 Les sujets complexes sont d\u00e9compos\u00e9s en informations exploitables et faciles \u00e0 comprendre.<\/li>\n\n\n\n<li><strong>Une plateforme pour la croissance<\/strong>&nbsp;\u2013 Que vous soyez un d\u00e9veloppeur en herbe, un entrepreneur ou un passionn\u00e9 de technologie, nous vous fournissons les outils et les connaissances n\u00e9cessaires pour vous aider \u00e0 progresser.<\/li>\n<\/ul>\n\n\n\n<p><strong>Commen\u00e7ons !<\/strong><\/p>\n\n\n\n<p>Pour rester \u00e0 la pointe de la technologie, The Work Ark est votre guide. D\u00e9couvrez nos derniers articles, explorez les tendances \u00e9mergentes et rejoignez une communaut\u00e9 qui valorise le savoir et l&#039;innovation.<\/p>\n\n\n\n<p>Pr\u00eat \u00e0 vous lancer\u00a0? D\u00e9couvrez nos contenus les plus r\u00e9cents, consultez notre politique de confidentialit\u00e9 ou contactez-nous d\u00e8s aujourd\u2019hui\u00a0!<\/p>","protected":false},"excerpt":{"rendered":"<p>Bienvenue sur The Work Ark \u2013 Votre plateforme de r\u00e9f\u00e9rence pour la technologie, l&#039;innovation et la croissance num\u00e9rique. Dans le monde num\u00e9rique actuel, en constante \u00e9volution, rester inform\u00e9 n&#039;est pas seulement un atout, c&#039;est une n\u00e9cessit\u00e9. The Work Ark est votre plateforme de confiance pour suivre l&#039;actualit\u00e9 des applications mobiles, du d\u00e9veloppement logiciel, de l&#039;intelligence artificielle et des tendances du secteur. Notre mission est simple\u00a0: vous fournir des informations pertinentes, [\u2026]<\/p>","protected":false},"author":146,"featured_media":0,"parent":0,"menu_order":0,"comment_status":"closed","ping_status":"closed","template":"","meta":{"_uag_custom_page_level_css":"","site-sidebar-layout":"default","site-content-layout":"","ast-site-content-layout":"default","site-content-style":"default","site-sidebar-style":"default","ast-global-header-display":"","ast-banner-title-visibility":"","ast-main-header-display":"","ast-hfb-above-header-display":"","ast-hfb-below-header-display":"","ast-hfb-mobile-header-display":"","site-post-title":"","ast-breadcrumbs-content":"","ast-featured-img":"","footer-sml-layout":"","theme-transparent-header-meta":"","adv-header-id-meta":"","stick-header-meta":"","header-above-stick-meta":"","header-main-stick-meta":"","header-below-stick-meta":"","astra-migrate-meta-layouts":"set","ast-page-background-enabled":"default","ast-page-background-meta":{"desktop":{"background-color":"var(--ast-global-color-4)","background-image":"","background-repeat":"repeat","background-position":"center center","background-size":"auto","background-attachment":"scroll","background-type":"","background-media":"","overlay-type":"","overlay-color":"","overlay-opacity":"","overlay-gradient":""},"tablet":{"background-color":"","background-image":"","background-repeat":"repeat","background-position":"center center","background-size":"auto","background-attachment":"scroll","background-type":"","background-media":"","overlay-type":"","overlay-color":"","overlay-opacity":"","overlay-gradient":""},"mobile":{"background-color":"","background-image":"","background-repeat":"repeat","background-position":"center center","background-size":"auto","background-attachment":"scroll","background-type":"","background-media":"","overlay-type":"","overlay-color":"","overlay-opacity":"","overlay-gradient":""}},"ast-content-background-meta":{"desktop":{"background-color":"var(--ast-global-color-5)","background-image":"","background-repeat":"repeat","background-position":"center center","background-size":"auto","background-attachment":"scroll","background-type":"","background-media":"","overlay-type":"","overlay-color":"","overlay-opacity":"","overlay-gradient":""},"tablet":{"background-color":"var(--ast-global-color-5)","background-image":"","background-repeat":"repeat","background-position":"center center","background-size":"auto","background-attachment":"scroll","background-type":"","background-media":"","overlay-type":"","overlay-color":"","overlay-opacity":"","overlay-gradient":""},"mobile":{"background-color":"var(--ast-global-color-5)","background-image":"","background-repeat":"repeat","background-position":"center center","background-size":"auto","background-attachment":"scroll","background-type":"","background-media":"","overlay-type":"","overlay-color":"","overlay-opacity":"","overlay-gradient":""}},"footnotes":""},"yoast_head":"<!-- This site is optimized with the Yoast SEO plugin v23.3 - https:\/\/yoast.com\/wordpress\/plugins\/seo\/ -->\n<title>About - The Work Ark<\/title>\n<meta name=\"robots\" content=\"index, follow, max-snippet:-1, max-image-preview:large, max-video-preview:-1\" \/>\n<link rel=\"canonical\" href=\"https:\/\/theworkark.com\/fr\/about\/\" \/>\n<meta property=\"og:locale\" content=\"fr_FR\" \/>\n<meta property=\"og:type\" content=\"article\" \/>\n<meta property=\"og:title\" content=\"About - The Work Ark\" \/>\n<meta property=\"og:description\" content=\"Welcome to The Work Ark \u2013 Your Hub for Tech, Innovation, and Digital Growth In today\u2019s fast-moving digital world, staying updated isn\u2019t just an advantage\u2014it\u2019s a necessity. The Work Ark is your trusted platform for navigating the latest in mobile applications, software development, artificial intelligence, and industry trends. Our mission is simple: to deliver insightful, [&hellip;]\" \/>\n<meta property=\"og:url\" content=\"https:\/\/theworkark.com\/fr\/about\/\" \/>\n<meta property=\"og:site_name\" content=\"The Work Ark\" \/>\n<meta property=\"article:modified_time\" content=\"2026-01-14T18:05:22+00:00\" \/>\n<meta name=\"twitter:card\" content=\"summary_large_image\" \/>\n<meta name=\"twitter:label1\" content=\"Est. reading time\" \/>\n\t<meta name=\"twitter:data1\" content=\"3 minutes\" \/>\n<script type=\"application\/ld+json\" class=\"yoast-schema-graph\">{\"@context\":\"https:\/\/schema.org\",\"@graph\":[{\"@type\":\"WebPage\",\"@id\":\"https:\/\/theworkark.com\/about\/\",\"url\":\"https:\/\/theworkark.com\/about\/\",\"name\":\"About - The Work Ark\",\"isPartOf\":{\"@id\":\"https:\/\/theworkark.com\/#website\"},\"datePublished\":\"2025-03-05T19:34:33+00:00\",\"dateModified\":\"2026-01-14T18:05:22+00:00\",\"breadcrumb\":{\"@id\":\"https:\/\/theworkark.com\/about\/#breadcrumb\"},\"inLanguage\":\"fr-BE\",\"potentialAction\":[{\"@type\":\"ReadAction\",\"target\":[\"https:\/\/theworkark.com\/about\/\"]}]},{\"@type\":\"BreadcrumbList\",\"@id\":\"https:\/\/theworkark.com\/about\/#breadcrumb\",\"itemListElement\":[{\"@type\":\"ListItem\",\"position\":1,\"name\":\"Home\",\"item\":\"https:\/\/theworkark.com\/\"},{\"@type\":\"ListItem\",\"position\":2,\"name\":\"About\"}]},{\"@type\":\"WebSite\",\"@id\":\"https:\/\/theworkark.com\/#website\",\"url\":\"https:\/\/theworkark.com\/\",\"name\":\"The Work Ark\",\"description\":\"\",\"publisher\":{\"@id\":\"https:\/\/theworkark.com\/#organization\"},\"potentialAction\":[{\"@type\":\"SearchAction\",\"target\":{\"@type\":\"EntryPoint\",\"urlTemplate\":\"https:\/\/theworkark.com\/?s={search_term_string}\"},\"query-input\":\"required name=search_term_string\"}],\"inLanguage\":\"fr-BE\"},{\"@type\":\"Organization\",\"@id\":\"https:\/\/theworkark.com\/#organization\",\"name\":\"The Work Ark\",\"url\":\"https:\/\/theworkark.com\/\",\"logo\":{\"@type\":\"ImageObject\",\"inLanguage\":\"fr-BE\",\"@id\":\"https:\/\/theworkark.com\/#\/schema\/logo\/image\/\",\"url\":\"https:\/\/theworkark.com\/wp-content\/uploads\/sites\/222\/2026\/01\/cropped-cropped-TWA-logo.png\",\"contentUrl\":\"https:\/\/theworkark.com\/wp-content\/uploads\/sites\/222\/2026\/01\/cropped-cropped-TWA-logo.png\",\"width\":366,\"height\":242,\"caption\":\"The Work Ark\"},\"image\":{\"@id\":\"https:\/\/theworkark.com\/#\/schema\/logo\/image\/\"}}]}<\/script>\n<!-- \/ Yoast SEO plugin. -->","yoast_head_json":{"title":"About - The Work Ark","robots":{"index":"index","follow":"follow","max-snippet":"max-snippet:-1","max-image-preview":"max-image-preview:large","max-video-preview":"max-video-preview:-1"},"canonical":"https:\/\/theworkark.com\/fr\/about\/","og_locale":"fr_FR","og_type":"article","og_title":"About - The Work Ark","og_description":"Welcome to The Work Ark \u2013 Your Hub for Tech, Innovation, and Digital Growth In today\u2019s fast-moving digital world, staying updated isn\u2019t just an advantage\u2014it\u2019s a necessity. The Work Ark is your trusted platform for navigating the latest in mobile applications, software development, artificial intelligence, and industry trends. Our mission is simple: to deliver insightful, [&hellip;]","og_url":"https:\/\/theworkark.com\/fr\/about\/","og_site_name":"The Work Ark","article_modified_time":"2026-01-14T18:05:22+00:00","twitter_card":"summary_large_image","twitter_misc":{"Est. reading time":"3 minutes"},"schema":{"@context":"https:\/\/schema.org","@graph":[{"@type":"WebPage","@id":"https:\/\/theworkark.com\/about\/","url":"https:\/\/theworkark.com\/about\/","name":"About - The Work Ark","isPartOf":{"@id":"https:\/\/theworkark.com\/#website"},"datePublished":"2025-03-05T19:34:33+00:00","dateModified":"2026-01-14T18:05:22+00:00","breadcrumb":{"@id":"https:\/\/theworkark.com\/about\/#breadcrumb"},"inLanguage":"fr-BE","potentialAction":[{"@type":"ReadAction","target":["https:\/\/theworkark.com\/about\/"]}]},{"@type":"BreadcrumbList","@id":"https:\/\/theworkark.com\/about\/#breadcrumb","itemListElement":[{"@type":"ListItem","position":1,"name":"Home","item":"https:\/\/theworkark.com\/"},{"@type":"ListItem","position":2,"name":"About"}]},{"@type":"WebSite","@id":"https:\/\/theworkark.com\/#website","url":"https:\/\/theworkark.com\/","name":"The Work Ark","description":"","publisher":{"@id":"https:\/\/theworkark.com\/#organization"},"potentialAction":[{"@type":"SearchAction","target":{"@type":"EntryPoint","urlTemplate":"https:\/\/theworkark.com\/?s={search_term_string}"},"query-input":"required name=search_term_string"}],"inLanguage":"fr-BE"},{"@type":"Organization","@id":"https:\/\/theworkark.com\/#organization","name":"The Work Ark","url":"https:\/\/theworkark.com\/","logo":{"@type":"ImageObject","inLanguage":"fr-BE","@id":"https:\/\/theworkark.com\/#\/schema\/logo\/image\/","url":"https:\/\/theworkark.com\/wp-content\/uploads\/sites\/222\/2026\/01\/cropped-cropped-TWA-logo.png","contentUrl":"https:\/\/theworkark.com\/wp-content\/uploads\/sites\/222\/2026\/01\/cropped-cropped-TWA-logo.png","width":366,"height":242,"caption":"The Work Ark"},"image":{"@id":"https:\/\/theworkark.com\/#\/schema\/logo\/image\/"}}]}},"uagb_featured_image_src":{"full":false,"thumbnail":false,"medium":false,"medium_large":false,"large":false,"1536x1536":false,"2048x2048":false,"trp-custom-language-flag":false},"uagb_author_info":{"display_name":"nataliantividade","author_link":"https:\/\/theworkark.com\/fr\/author\/nataliantividade\/"},"uagb_comment_info":0,"uagb_excerpt":"Welcome to The Work Ark \u2013 Your Hub for Tech, Innovation, and Digital Growth In today\u2019s fast-moving digital world, staying updated isn\u2019t just an advantage\u2014it\u2019s a necessity. The Work Ark is your trusted platform for navigating the latest in mobile applications, software development, artificial intelligence, and industry trends. Our mission is simple: to deliver insightful,&hellip;","_links":{"self":[{"href":"https:\/\/theworkark.com\/fr\/wp-json\/wp\/v2\/pages\/88"}],"collection":[{"href":"https:\/\/theworkark.com\/fr\/wp-json\/wp\/v2\/pages"}],"about":[{"href":"https:\/\/theworkark.com\/fr\/wp-json\/wp\/v2\/types\/page"}],"author":[{"embeddable":true,"href":"https:\/\/theworkark.com\/fr\/wp-json\/wp\/v2\/users\/146"}],"replies":[{"embeddable":true,"href":"https:\/\/theworkark.com\/fr\/wp-json\/wp\/v2\/comments?post=88"}],"version-history":[{"count":4,"href":"https:\/\/theworkark.com\/fr\/wp-json\/wp\/v2\/pages\/88\/revisions"}],"predecessor-version":[{"id":2028,"href":"https:\/\/theworkark.com\/fr\/wp-json\/wp\/v2\/pages\/88\/revisions\/2028"}],"wp:attachment":[{"href":"https:\/\/theworkark.com\/fr\/wp-json\/wp\/v2\/media?parent=88"}],"curies":[{"name":"wp","href":"https:\/\/api.w.org\/{rel}","templated":true}]}}