{"id":88,"date":"2025-03-05T19:34:33","date_gmt":"2025-03-05T19:34:33","guid":{"rendered":"https:\/\/theworkark.com\/?page_id=88"},"modified":"2026-01-14T18:05:22","modified_gmt":"2026-01-14T18:05:22","slug":"about","status":"publish","type":"page","link":"https:\/\/theworkark.com\/fi\/about\/","title":{"rendered":"Noin"},"content":{"rendered":"<p>Tervetuloa Ty\u00f6arkkiin \u2013 teknologian, innovaatioiden ja digitaalisen kasvun keskukseesi<\/p>\n\n\n\n<p>Nykyp\u00e4iv\u00e4n nopeasti muuttuvassa digitaalisessa maailmassa ajan tasalla pysyminen ei ole vain etu \u2013 se on v\u00e4ltt\u00e4m\u00e4tt\u00f6myys. Work Ark on luotettava alustasi mobiilisovellusten, ohjelmistokehityksen, teko\u00e4lyn ja alan trendien seuraamiseen. Missiomme on yksinkertainen: tarjota oivaltavaa ja toiminnallista sis\u00e4lt\u00f6\u00e4, joka auttaa sinua pysym\u00e4\u00e4n edell\u00e4 jatkuvasti kehittyv\u00e4ss\u00e4 teknologian maailmassa.<\/p>\n\n\n\n<p><strong>Mit\u00e4 l\u00f6yd\u00e4t t\u00e4\u00e4lt\u00e4<\/strong><\/p>\n\n\n\n<p>Me The Work Arkissa uskomme, ett\u00e4 innovaatiot ajavat edistyst\u00e4. Siksi sis\u00e4lt\u00f6mme on j\u00e4sennelty keskeisille alueille pit\u00e4\u00e4ksemme sinut ajan tasalla ja voimaantuneena:<\/p>\n\n\n\n<p><strong>Sovelluskehitys ja ohjelmistotrendit<\/strong><\/p>\n\n\n\n<ul>\n<li><strong>Sovellusten luomisen hallitseminen<\/strong>&nbsp;\u2013 Vinkkej\u00e4 ja strategioita huippuluokan mobiilisovellusten rakentamiseen.<\/li>\n\n\n\n<li><strong>Ohjelmistojen tulevaisuus<\/strong>&nbsp;\u2013 Teko\u00e4ly, automaatio ja muut teknologiat mullistavat kehitysmaisemaa.<\/li>\n\n\n\n<li><strong>K\u00e4ytt\u00e4j\u00e4kokemus ja suunnittelu<\/strong>&nbsp;\u2013 Uusin k\u00e4ytt\u00f6liittym\u00e4\/k\u00e4ytt\u00f6kokemus, joka parantaa sitoutumista ja k\u00e4ytett\u00e4vyytt\u00e4.<\/li>\n<\/ul>\n\n\n\n<p><strong>Teknologia ja innovaatio<\/strong><\/p>\n\n\n\n<ul>\n<li><strong>L\u00e4pimurtoteknologiat<\/strong>&nbsp;\u2013 Miten teko\u00e4ly, lohkoketju ja pilvipalvelut muokkaavat toimialoja uudelleen.<\/li>\n\n\n\n<li><strong>Startup- ja yritt\u00e4jyysn\u00e4kemyksi\u00e4<\/strong>&nbsp;\u2013 Keskeiset trendit ja asiantuntijaneuvoja teknologiavetoisten yritysten k\u00e4ynnist\u00e4miseen.<\/li>\n\n\n\n<li><strong>Kest\u00e4v\u00e4 teknologia<\/strong>&nbsp;\u2013 Tutkimme ymp\u00e4rist\u00f6yst\u00e4v\u00e4llisi\u00e4 innovaatioita, jotka muokkaavat \u00e4lykk\u00e4\u00e4mp\u00e4\u00e4 ja vihre\u00e4mp\u00e4\u00e4 tulevaisuutta.<\/li>\n<\/ul>\n\n\n\n<p><strong>Mobiili- ja digitaalinen transformaatio<\/strong><\/p>\n\n\n\n<ul>\n<li><strong>Sovellusvallankumous<\/strong>&nbsp;\u2013 Katsaus mobiilisovelluksiin, jotka muuttavat tapaamme el\u00e4\u00e4 ja ty\u00f6skennell\u00e4.<\/li>\n\n\n\n<li><strong>5G ja liitett\u00e4vyyden tulevaisuus<\/strong>&nbsp;\u2013 Miten seuraavan sukupolven verkot avaavat uusia mahdollisuuksia.<\/li>\n\n\n\n<li><strong>Tietosuoja ja kyberturvallisuus<\/strong>&nbsp;\u2013 Olennaisia vinkkej\u00e4 tietojesi suojaamiseen yh\u00e4 digitaalisemmassa maailmassa.<\/li>\n<\/ul>\n\n\n\n<p><strong>Teknologiavetoiset el\u00e4m\u00e4ntavat<\/strong><\/p>\n\n\n\n<ul>\n<li><strong>Ty\u00f6- ja tuottavuussovellukset<\/strong>&nbsp;\u2013 L\u00f6yd\u00e4 ty\u00f6kaluja, jotka parantavat tehokkuutta ty\u00f6ss\u00e4 ja arjessa.<\/li>\n\n\n\n<li><strong>Et\u00e4ty\u00f6n aikakausi<\/strong>&nbsp;\u2013 Sovelluksia ja strategioita joustavassa ty\u00f6ymp\u00e4rist\u00f6ss\u00e4 menestymiseen.<\/li>\n\n\n\n<li><strong>\u00c4lyk\u00e4s asuminen ja IoT<\/strong>&nbsp;\u2013 Yhdistettyjen laitteiden tulevaisuus ja niiden vaikutus arkeen.<\/li>\n<\/ul>\n\n\n\n<p><strong>Urat ja ty\u00f6n tulevaisuus<\/strong><\/p>\n\n\n\n<p><strong>Teknologia-alan urapolut<\/strong> \u2013 Yleiskatsauksia rooleista, kuten ohjelmistokehitt\u00e4j\u00e4, data-analyytikko, tuotep\u00e4\u00e4llikk\u00f6, UX-suunnittelija ja paljon muuta.<\/p>\n\n\n\n<p><strong>Taitojen kehitt\u00e4misoppaat<\/strong> \u2013 Suosituksia siit\u00e4, mit\u00e4 opiskella, mit\u00e4 ty\u00f6kaluja oppia ja miten j\u00e4sent\u00e4\u00e4 oppimismatkansa.<\/p>\n\n\n\n<p><strong>Ty\u00f6markkinat ja trendit<\/strong> \u2013 N\u00e4kemyksi\u00e4 kysytyist\u00e4 taidoista, et\u00e4ty\u00f6mahdollisuuksista ja siit\u00e4, miten teknologia mullistaa urakehityst\u00e4 eri toimialoilla.<\/p>\n\n\n\n<p><strong>Uran siirtym\u00e4t teknologia-alalle<\/strong> \u2013 K\u00e4yt\u00e4nn\u00f6n vinkkej\u00e4 muilta aloilta tuleville, jotka haluavat rakentaa kest\u00e4v\u00e4\u00e4 uraa digitaalisessa ekosysteemiss\u00e4.<\/p>\n\n\n\n<p><strong>Miksi Explora Venue?<\/strong><\/p>\n\n\n\n<p>Meid\u00e4t erottaa sitoutumisemme syv\u00e4llisen ja hyvin tutkitun sis\u00e4ll\u00f6n tuottamiseen, joka menee pintapuolisten uutisten tuolle puolen. Work Ark on enemm\u00e4n kuin pelkk\u00e4 julkaisu \u2013 se on tietopankki kehitt\u00e4jille, teknologiaharrastajille ja alan ammattilaisille.<\/p>\n\n\n\n<p><strong>Mit\u00e4 me edustamme:<\/strong><\/p>\n\n\n\n<ul>\n<li><strong>Luotettavaa ja ajantasaista tietoa<\/strong>&nbsp;\u2013 Sis\u00e4lt\u00f6mme perustuu luotettaviin l\u00e4hteisiin ja alan n\u00e4kemyksiin.<\/li>\n\n\n\n<li><strong>Kiinnostavaa ja k\u00e4yt\u00e4nn\u00f6llist\u00e4 sis\u00e4lt\u00f6\u00e4<\/strong>&nbsp;\u2013 Monimutkaiset aiheet jaetaan k\u00e4yt\u00e4nn\u00f6nl\u00e4heisiksi ja helposti ymm\u00e4rrett\u00e4viksi oivalluksiksi.<\/li>\n\n\n\n<li><strong>Kasvun alusta<\/strong>&nbsp;\u2013 Olitpa sitten aloitteleva kehitt\u00e4j\u00e4, yritt\u00e4j\u00e4 tai teknologia-alan harrastaja, tarjoamme ty\u00f6kalut ja tiedon, jotka auttavat sinua etenem\u00e4\u00e4n.<\/li>\n<\/ul>\n\n\n\n<p><strong>Aloitetaan!<\/strong><\/p>\n\n\n\n<p>Jos haluat pysy\u00e4 teknologian maailman k\u00e4rjess\u00e4, The Work Ark on oppaasi. Tutustu uusimpiin artikkeleihimme, l\u00f6yd\u00e4 nousevia trendej\u00e4 ja ole osa yhteis\u00f6\u00e4, joka arvostaa tietoa ja innovaatioita.<\/p>\n\n\n\n<p>Valmiina sukeltamaan? Tutustu uusimpaan sis\u00e4lt\u00f6\u00f6mme, lue tietosuojak\u00e4yt\u00e4nt\u00f6mme tai ota meihin yhteytt\u00e4 jo t\u00e4n\u00e4\u00e4n!<\/p>","protected":false},"excerpt":{"rendered":"<p>Tervetuloa Ty\u00f6arkkiin \u2013 teknologian, innovaatioiden ja digitaalisen kasvun keskukseesi. Nykyp\u00e4iv\u00e4n nopeasti muuttuvassa digitaalisessa maailmassa ajan tasalla pysyminen ei ole vain etu \u2013 se on v\u00e4ltt\u00e4m\u00e4tt\u00f6myys. Ty\u00f6arkki on luotettava alustasi mobiilisovellusten, ohjelmistokehityksen, teko\u00e4lyn ja alan trendien seuraamiseen. Missiomme on yksinkertainen: tarjota oivaltavaa, [\u2026]<\/p>","protected":false},"author":146,"featured_media":0,"parent":0,"menu_order":0,"comment_status":"closed","ping_status":"closed","template":"","meta":{"_uag_custom_page_level_css":"","site-sidebar-layout":"default","site-content-layout":"","ast-site-content-layout":"default","site-content-style":"default","site-sidebar-style":"default","ast-global-header-display":"","ast-banner-title-visibility":"","ast-main-header-display":"","ast-hfb-above-header-display":"","ast-hfb-below-header-display":"","ast-hfb-mobile-header-display":"","site-post-title":"","ast-breadcrumbs-content":"","ast-featured-img":"","footer-sml-layout":"","theme-transparent-header-meta":"","adv-header-id-meta":"","stick-header-meta":"","header-above-stick-meta":"","header-main-stick-meta":"","header-below-stick-meta":"","astra-migrate-meta-layouts":"set","ast-page-background-enabled":"default","ast-page-background-meta":{"desktop":{"background-color":"var(--ast-global-color-4)","background-image":"","background-repeat":"repeat","background-position":"center center","background-size":"auto","background-attachment":"scroll","background-type":"","background-media":"","overlay-type":"","overlay-color":"","overlay-opacity":"","overlay-gradient":""},"tablet":{"background-color":"","background-image":"","background-repeat":"repeat","background-position":"center center","background-size":"auto","background-attachment":"scroll","background-type":"","background-media":"","overlay-type":"","overlay-color":"","overlay-opacity":"","overlay-gradient":""},"mobile":{"background-color":"","background-image":"","background-repeat":"repeat","background-position":"center center","background-size":"auto","background-attachment":"scroll","background-type":"","background-media":"","overlay-type":"","overlay-color":"","overlay-opacity":"","overlay-gradient":""}},"ast-content-background-meta":{"desktop":{"background-color":"var(--ast-global-color-5)","background-image":"","background-repeat":"repeat","background-position":"center center","background-size":"auto","background-attachment":"scroll","background-type":"","background-media":"","overlay-type":"","overlay-color":"","overlay-opacity":"","overlay-gradient":""},"tablet":{"background-color":"var(--ast-global-color-5)","background-image":"","background-repeat":"repeat","background-position":"center center","background-size":"auto","background-attachment":"scroll","background-type":"","background-media":"","overlay-type":"","overlay-color":"","overlay-opacity":"","overlay-gradient":""},"mobile":{"background-color":"var(--ast-global-color-5)","background-image":"","background-repeat":"repeat","background-position":"center center","background-size":"auto","background-attachment":"scroll","background-type":"","background-media":"","overlay-type":"","overlay-color":"","overlay-opacity":"","overlay-gradient":""}},"footnotes":""},"yoast_head":"<!-- This site is optimized with the Yoast SEO plugin v23.3 - https:\/\/yoast.com\/wordpress\/plugins\/seo\/ -->\n<title>About - The Work Ark<\/title>\n<meta name=\"robots\" content=\"index, follow, max-snippet:-1, max-image-preview:large, max-video-preview:-1\" \/>\n<link rel=\"canonical\" href=\"https:\/\/theworkark.com\/fi\/about\/\" \/>\n<meta property=\"og:locale\" content=\"fi_FI\" \/>\n<meta property=\"og:type\" content=\"article\" \/>\n<meta property=\"og:title\" content=\"About - The Work Ark\" \/>\n<meta property=\"og:description\" content=\"Welcome to The Work Ark \u2013 Your Hub for Tech, Innovation, and Digital Growth In today\u2019s fast-moving digital world, staying updated isn\u2019t just an advantage\u2014it\u2019s a necessity. The Work Ark is your trusted platform for navigating the latest in mobile applications, software development, artificial intelligence, and industry trends. Our mission is simple: to deliver insightful, [&hellip;]\" \/>\n<meta property=\"og:url\" content=\"https:\/\/theworkark.com\/fi\/about\/\" \/>\n<meta property=\"og:site_name\" content=\"The Work Ark\" \/>\n<meta property=\"article:modified_time\" content=\"2026-01-14T18:05:22+00:00\" \/>\n<meta name=\"twitter:card\" content=\"summary_large_image\" \/>\n<meta name=\"twitter:label1\" content=\"Est. reading time\" \/>\n\t<meta name=\"twitter:data1\" content=\"3 minuuttia\" \/>\n<script type=\"application\/ld+json\" class=\"yoast-schema-graph\">{\"@context\":\"https:\/\/schema.org\",\"@graph\":[{\"@type\":\"WebPage\",\"@id\":\"https:\/\/theworkark.com\/about\/\",\"url\":\"https:\/\/theworkark.com\/about\/\",\"name\":\"About - The Work Ark\",\"isPartOf\":{\"@id\":\"https:\/\/theworkark.com\/#website\"},\"datePublished\":\"2025-03-05T19:34:33+00:00\",\"dateModified\":\"2026-01-14T18:05:22+00:00\",\"breadcrumb\":{\"@id\":\"https:\/\/theworkark.com\/about\/#breadcrumb\"},\"inLanguage\":\"fi\",\"potentialAction\":[{\"@type\":\"ReadAction\",\"target\":[\"https:\/\/theworkark.com\/about\/\"]}]},{\"@type\":\"BreadcrumbList\",\"@id\":\"https:\/\/theworkark.com\/about\/#breadcrumb\",\"itemListElement\":[{\"@type\":\"ListItem\",\"position\":1,\"name\":\"Home\",\"item\":\"https:\/\/theworkark.com\/\"},{\"@type\":\"ListItem\",\"position\":2,\"name\":\"About\"}]},{\"@type\":\"WebSite\",\"@id\":\"https:\/\/theworkark.com\/#website\",\"url\":\"https:\/\/theworkark.com\/\",\"name\":\"The Work Ark\",\"description\":\"\",\"publisher\":{\"@id\":\"https:\/\/theworkark.com\/#organization\"},\"potentialAction\":[{\"@type\":\"SearchAction\",\"target\":{\"@type\":\"EntryPoint\",\"urlTemplate\":\"https:\/\/theworkark.com\/?s={search_term_string}\"},\"query-input\":\"required name=search_term_string\"}],\"inLanguage\":\"fi\"},{\"@type\":\"Organization\",\"@id\":\"https:\/\/theworkark.com\/#organization\",\"name\":\"The Work Ark\",\"url\":\"https:\/\/theworkark.com\/\",\"logo\":{\"@type\":\"ImageObject\",\"inLanguage\":\"fi\",\"@id\":\"https:\/\/theworkark.com\/#\/schema\/logo\/image\/\",\"url\":\"https:\/\/theworkark.com\/wp-content\/uploads\/sites\/222\/2026\/01\/cropped-cropped-TWA-logo.png\",\"contentUrl\":\"https:\/\/theworkark.com\/wp-content\/uploads\/sites\/222\/2026\/01\/cropped-cropped-TWA-logo.png\",\"width\":366,\"height\":242,\"caption\":\"The Work Ark\"},\"image\":{\"@id\":\"https:\/\/theworkark.com\/#\/schema\/logo\/image\/\"}}]}<\/script>\n<!-- \/ Yoast SEO plugin. -->","yoast_head_json":{"title":"About - The Work Ark","robots":{"index":"index","follow":"follow","max-snippet":"max-snippet:-1","max-image-preview":"max-image-preview:large","max-video-preview":"max-video-preview:-1"},"canonical":"https:\/\/theworkark.com\/fi\/about\/","og_locale":"fi_FI","og_type":"article","og_title":"About - The Work Ark","og_description":"Welcome to The Work Ark \u2013 Your Hub for Tech, Innovation, and Digital Growth In today\u2019s fast-moving digital world, staying updated isn\u2019t just an advantage\u2014it\u2019s a necessity. The Work Ark is your trusted platform for navigating the latest in mobile applications, software development, artificial intelligence, and industry trends. Our mission is simple: to deliver insightful, [&hellip;]","og_url":"https:\/\/theworkark.com\/fi\/about\/","og_site_name":"The Work Ark","article_modified_time":"2026-01-14T18:05:22+00:00","twitter_card":"summary_large_image","twitter_misc":{"Est. reading time":"3 minuuttia"},"schema":{"@context":"https:\/\/schema.org","@graph":[{"@type":"WebPage","@id":"https:\/\/theworkark.com\/about\/","url":"https:\/\/theworkark.com\/about\/","name":"About - The Work Ark","isPartOf":{"@id":"https:\/\/theworkark.com\/#website"},"datePublished":"2025-03-05T19:34:33+00:00","dateModified":"2026-01-14T18:05:22+00:00","breadcrumb":{"@id":"https:\/\/theworkark.com\/about\/#breadcrumb"},"inLanguage":"fi","potentialAction":[{"@type":"ReadAction","target":["https:\/\/theworkark.com\/about\/"]}]},{"@type":"BreadcrumbList","@id":"https:\/\/theworkark.com\/about\/#breadcrumb","itemListElement":[{"@type":"ListItem","position":1,"name":"Home","item":"https:\/\/theworkark.com\/"},{"@type":"ListItem","position":2,"name":"About"}]},{"@type":"WebSite","@id":"https:\/\/theworkark.com\/#website","url":"https:\/\/theworkark.com\/","name":"The Work Ark","description":"","publisher":{"@id":"https:\/\/theworkark.com\/#organization"},"potentialAction":[{"@type":"SearchAction","target":{"@type":"EntryPoint","urlTemplate":"https:\/\/theworkark.com\/?s={search_term_string}"},"query-input":"required name=search_term_string"}],"inLanguage":"fi"},{"@type":"Organization","@id":"https:\/\/theworkark.com\/#organization","name":"The Work Ark","url":"https:\/\/theworkark.com\/","logo":{"@type":"ImageObject","inLanguage":"fi","@id":"https:\/\/theworkark.com\/#\/schema\/logo\/image\/","url":"https:\/\/theworkark.com\/wp-content\/uploads\/sites\/222\/2026\/01\/cropped-cropped-TWA-logo.png","contentUrl":"https:\/\/theworkark.com\/wp-content\/uploads\/sites\/222\/2026\/01\/cropped-cropped-TWA-logo.png","width":366,"height":242,"caption":"The Work Ark"},"image":{"@id":"https:\/\/theworkark.com\/#\/schema\/logo\/image\/"}}]}},"uagb_featured_image_src":{"full":false,"thumbnail":false,"medium":false,"medium_large":false,"large":false,"1536x1536":false,"2048x2048":false,"trp-custom-language-flag":false},"uagb_author_info":{"display_name":"nataliantividade","author_link":"https:\/\/theworkark.com\/fi\/author\/nataliantividade\/"},"uagb_comment_info":0,"uagb_excerpt":"Welcome to The Work Ark \u2013 Your Hub for Tech, Innovation, and Digital Growth In today\u2019s fast-moving digital world, staying updated isn\u2019t just an advantage\u2014it\u2019s a necessity. The Work Ark is your trusted platform for navigating the latest in mobile applications, software development, artificial intelligence, and industry trends. Our mission is simple: to deliver insightful,&hellip;","_links":{"self":[{"href":"https:\/\/theworkark.com\/fi\/wp-json\/wp\/v2\/pages\/88"}],"collection":[{"href":"https:\/\/theworkark.com\/fi\/wp-json\/wp\/v2\/pages"}],"about":[{"href":"https:\/\/theworkark.com\/fi\/wp-json\/wp\/v2\/types\/page"}],"author":[{"embeddable":true,"href":"https:\/\/theworkark.com\/fi\/wp-json\/wp\/v2\/users\/146"}],"replies":[{"embeddable":true,"href":"https:\/\/theworkark.com\/fi\/wp-json\/wp\/v2\/comments?post=88"}],"version-history":[{"count":4,"href":"https:\/\/theworkark.com\/fi\/wp-json\/wp\/v2\/pages\/88\/revisions"}],"predecessor-version":[{"id":2028,"href":"https:\/\/theworkark.com\/fi\/wp-json\/wp\/v2\/pages\/88\/revisions\/2028"}],"wp:attachment":[{"href":"https:\/\/theworkark.com\/fi\/wp-json\/wp\/v2\/media?parent=88"}],"curies":[{"name":"wp","href":"https:\/\/api.w.org\/{rel}","templated":true}]}}